{"id":79,"date":"2019-05-30T11:51:22","date_gmt":"2019-05-30T11:51:22","guid":{"rendered":"http:\/\/vombadenkele.de\/?page_id=79"},"modified":"2019-06-21T14:14:14","modified_gmt":"2019-06-21T14:14:14","slug":"e-wurf","status":"publish","type":"page","link":"https:\/\/vombadenkele.de\/?page_id=79","title":{"rendered":"E-Wurf  &#8222;aktuell&#8220;"},"content":{"rendered":"\n<p>Die Welpen sind da !!!<\/p>\n\n\n\n<p>Am 18.06.2019 erblickten 4 R\u00fcden und 2 H\u00fcndinnen das Licht der Welt. <\/p>\n\n\n\n<figure class=\"wp-block-image\"><img loading=\"lazy\" decoding=\"async\" width=\"1024\" height=\"768\" src=\"https:\/\/vombadenkele.de\/wp-content\/uploads\/2019\/06\/IMG_20190618_0812251-1024x768.jpg\" alt=\"\" class=\"wp-image-209\" srcset=\"https:\/\/vombadenkele.de\/wp-content\/uploads\/2019\/06\/IMG_20190618_0812251-1024x768.jpg 1024w, https:\/\/vombadenkele.de\/wp-content\/uploads\/2019\/06\/IMG_20190618_0812251-300x225.jpg 300w, https:\/\/vombadenkele.de\/wp-content\/uploads\/2019\/06\/IMG_20190618_0812251-768x576.jpg 768w\" sizes=\"(max-width: 767px) 89vw, (max-width: 1000px) 54vw, (max-width: 1071px) 543px, 580px\" \/><figcaption>erst eins&#8230;.<\/figcaption><\/figure>\n\n\n\n<figure class=\"wp-block-image\"><img loading=\"lazy\" decoding=\"async\" width=\"1024\" height=\"768\" src=\"http:\/\/vombadenkele.de\/wp-content\/uploads\/2019\/06\/IMG_20190621_090432-1024x768.jpg\" alt=\"\" class=\"wp-image-216\" srcset=\"https:\/\/vombadenkele.de\/wp-content\/uploads\/2019\/06\/IMG_20190621_090432-1024x768.jpg 1024w, https:\/\/vombadenkele.de\/wp-content\/uploads\/2019\/06\/IMG_20190621_090432-300x225.jpg 300w, https:\/\/vombadenkele.de\/wp-content\/uploads\/2019\/06\/IMG_20190621_090432-768x576.jpg 768w\" sizes=\"(max-width: 767px) 89vw, (max-width: 1000px) 54vw, (max-width: 1071px) 543px, 580px\" \/><figcaption>dann warens 6 !!<\/figcaption><\/figure>\n\n\n\n<p>Iowa von Snowwind wurde von Kleiner K\u00f6nig Kallewirsch vom schwarzen Opal belegt.  Inzwischen haben wir die 6.Woche erreicht. Das B\u00e4uchlein wird dicker und wir warten gespannt bis es soweit ist. <\/p>\n\n\n\n<p><\/p>\n","protected":false},"excerpt":{"rendered":"<p>Die Welpen sind da !!! Am 18.06.2019 erblickten 4 R\u00fcden und 2 H\u00fcndinnen das Licht der Welt. Iowa von Snowwind wurde von Kleiner K\u00f6nig Kallewirsch vom schwarzen Opal belegt. Inzwischen haben wir die 6.Woche erreicht. Das B\u00e4uchlein wird dicker und wir warten gespannt bis es soweit ist.<\/p>\n","protected":false},"author":1,"featured_media":0,"parent":0,"menu_order":0,"comment_status":"closed","ping_status":"closed","template":"","meta":{"footnotes":""},"_links":{"self":[{"href":"https:\/\/vombadenkele.de\/index.php?rest_route=\/wp\/v2\/pages\/79"}],"collection":[{"href":"https:\/\/vombadenkele.de\/index.php?rest_route=\/wp\/v2\/pages"}],"about":[{"href":"https:\/\/vombadenkele.de\/index.php?rest_route=\/wp\/v2\/types\/page"}],"author":[{"embeddable":true,"href":"https:\/\/vombadenkele.de\/index.php?rest_route=\/wp\/v2\/users\/1"}],"replies":[{"embeddable":true,"href":"https:\/\/vombadenkele.de\/index.php?rest_route=%2Fwp%2Fv2%2Fcomments&post=79"}],"version-history":[{"count":6,"href":"https:\/\/vombadenkele.de\/index.php?rest_route=\/wp\/v2\/pages\/79\/revisions"}],"predecessor-version":[{"id":225,"href":"https:\/\/vombadenkele.de\/index.php?rest_route=\/wp\/v2\/pages\/79\/revisions\/225"}],"wp:attachment":[{"href":"https:\/\/vombadenkele.de\/index.php?rest_route=%2Fwp%2Fv2%2Fmedia&parent=79"}],"curies":[{"name":"wp","href":"https:\/\/api.w.org\/{rel}","templated":true}]}}