{"id":28,"date":"2019-05-29T16:45:01","date_gmt":"2019-05-29T16:45:01","guid":{"rendered":"http:\/\/vombadenkele.de\/?page_id=28"},"modified":"2024-01-27T10:10:48","modified_gmt":"2024-01-27T10:10:48","slug":"ueber-uns","status":"publish","type":"page","link":"https:\/\/vombadenkele.de\/?page_id=28","title":{"rendered":"\u00dcber uns"},"content":{"rendered":"\n<p>Ich wohne mit meinen inzwischen f\u00fcnf Hunden im sch\u00f6nen Alb-Donau-Kreis.<\/p>\n\n\n\n<p>Vor inzwischen 16 Jahren ist unsere erste schwarze Zwergschnauzerh\u00fcndin Bonny eingezogen. Es dauerte nicht lange und Tana, eine wei\u00dfe Zwergschnauzerh\u00fcndin folgte.  Mit ihr begann auch der Wunsch zu z\u00fcchten, da ich von dem Wesen der Zwergschnauzer so begeistert war.  Havanna, der im Jahr 2009 zu uns kam, wurde der Vater unseres A-Wurfes im Jahr 2011.  Nachdem Schnauzer bekanntlich s\u00fcchtig machen, zog 2014 die H\u00fcndin Iwi ein. <\/p>\n\n\n\n<p>Aus dem E-Wurf (2019) haben wir die zuckers\u00fc\u00dfe Elfi behalten. Und auch beim F-Wurf (2021) war die Liebe f\u00fcr die kleine Franchie zu gro\u00df um sie abzugeben. Leider hat das Leben auch immer wieder traurige Ereignisse. Unsere Bonny ist im November 2019 verstorben. Und Havanna nur ein Jahr sp\u00e4ter im Oktober 2020. <\/p>\n\n\n\n<p>Tana ist mit ihren nun 16 Jahren noch relativ fit. <\/p>\n\n\n\n<p>Und dann w\u00e4re da noch die &#8222;kleine&#8220; Rosi. <\/p>\n\n\n\n<p>Neben den Hunden sind inzwischen H\u00fchner zu meinem Hobby geworden. Wir halten eine bunte Mischung. Unter anderem die seltenen deutschen Reichsh\u00fchner im Farbschlag gold schwarz ges\u00e4umt; Ramelsloher in gelb und Australorps in schwarz. <\/p>\n\n\n\n<p>Ich bin gespannt, wie es weitergeht. <\/p>\n\n\n\n<p><\/p>\n\n\n\n<p><\/p>\n\n\n\n<p><\/p>\n\n\n\n<p>Stand Januar 2024<\/p>\n\n\n\n<p><\/p>\n","protected":false},"excerpt":{"rendered":"<p>Ich wohne mit meinen inzwischen f\u00fcnf Hunden im sch\u00f6nen Alb-Donau-Kreis. Vor inzwischen 16 Jahren ist unsere erste schwarze Zwergschnauzerh\u00fcndin Bonny eingezogen. Es dauerte nicht lange und Tana, eine wei\u00dfe Zwergschnauzerh\u00fcndin folgte. Mit ihr begann auch der Wunsch zu z\u00fcchten, da ich von dem Wesen der Zwergschnauzer so begeistert war. Havanna, der im Jahr 2009 zu &hellip; <\/p>\n<p class=\"link-more\"><a href=\"https:\/\/vombadenkele.de\/?page_id=28\" class=\"more-link\"><span class=\"screen-reader-text\">\u201e\u00dcber uns\u201c<\/span> weiterlesen<\/a><\/p>\n","protected":false},"author":1,"featured_media":0,"parent":0,"menu_order":0,"comment_status":"closed","ping_status":"closed","template":"","meta":{"footnotes":""},"_links":{"self":[{"href":"https:\/\/vombadenkele.de\/index.php?rest_route=\/wp\/v2\/pages\/28"}],"collection":[{"href":"https:\/\/vombadenkele.de\/index.php?rest_route=\/wp\/v2\/pages"}],"about":[{"href":"https:\/\/vombadenkele.de\/index.php?rest_route=\/wp\/v2\/types\/page"}],"author":[{"embeddable":true,"href":"https:\/\/vombadenkele.de\/index.php?rest_route=\/wp\/v2\/users\/1"}],"replies":[{"embeddable":true,"href":"https:\/\/vombadenkele.de\/index.php?rest_route=%2Fwp%2Fv2%2Fcomments&post=28"}],"version-history":[{"count":9,"href":"https:\/\/vombadenkele.de\/index.php?rest_route=\/wp\/v2\/pages\/28\/revisions"}],"predecessor-version":[{"id":240,"href":"https:\/\/vombadenkele.de\/index.php?rest_route=\/wp\/v2\/pages\/28\/revisions\/240"}],"wp:attachment":[{"href":"https:\/\/vombadenkele.de\/index.php?rest_route=%2Fwp%2Fv2%2Fmedia&parent=28"}],"curies":[{"name":"wp","href":"https:\/\/api.w.org\/{rel}","templated":true}]}}